{"id":235,"date":"2021-09-03T13:50:57","date_gmt":"2021-09-03T11:50:57","guid":{"rendered":"https:\/\/www9.cvc.uab.es\/acmcv\/?page_id=235"},"modified":"2025-09-17T13:41:29","modified_gmt":"2025-09-17T11:41:29","slug":"online-poster-session","status":"publish","type":"page","link":"http:\/\/www.cvc.uab.es\/acmcv\/?page_id=235","title":{"rendered":"Poster Session"},"content":{"rendered":"\r\n<p>&#x1f4d1; <a href=\"https:\/\/doi.org\/10.1016\/j.compbiomed.2025.109652\">BabyFM: Towards accurate 3D baby facial models using spectral decomposition and asymmetry swapping<\/a> by Araceli Morales, Antonia Alomar, Antonio R. Porras, Marius G. Linguraru, Gemma Piella, Federico M. Sukno | 2025 | Computers in Biology and Medicine.<br \/><br \/><\/p>\r\n<p>&#x1f4d1; Dual Polarity Prompts with Stochastic Entropy Perturbation for Label Noise by Changhui Hu; Bhalaji Nagarajan; Ricardo Marques; Petia Radeva | 2025| The British Machine Vision Conference (BMVC) 2025.<br \/><br \/><\/p>\r\n<p>&#x1f4d1; <a href=\"https:\/\/www.sciencedirect.com\/science\/article\/pii\/S0895611125000278\">Encoding 3D information in 2D feature maps for brain CT-Angiography<\/a> by Uma M. Lal-Trehan Estrada; Sunil Sheth; Arnau Oliver; Xavier Llad\u00f3; Luca Giancardo | 2025 | Computerized Medical Imaging and Graphics.<br \/><br \/><\/p>\r\n<p>&#x1f4d1; <a href=\"https:\/\/www.sciencedirect.com\/science\/article\/pii\/S0167865525001060\">FoodMem: Near real-time and precise food video segmentation<\/a> by Ahmad AlMughrabi, Adri\u00e1n Gal\u00e1n, Ricardo Marques, Petia Radeva | 2025 | Pattern Recognition Letters.<br \/><br \/><\/p>\r\n<p>&#x1f4d1; <a href=\"https:\/\/doi.org\/10.1016\/j.compbiomed.2024.109492\">Going Smaller: Attention-based models for automated melanoma diagnosis<\/a> by Sana Nazari, Rafael Garcia | 2025 | Computers in Biology and Medicine.<br \/><br \/><\/p>\r\n<p>&#x1f4d1;<a href=\"https:\/\/openaccess.thecvf.com\/content\/CVPR2025\/html\/Pilligua_HyperNVD_Accelerating_Neural_Video_Decomposition_via_Hypernetworks_CVPR_2025_paper.html\"> HyperNVD: Accelerating Neural Video Decomposition via Hypernetworks<\/a> by Maria Pilligua, Danna Xue, Javier Vazquez-Corral | 2025| CVPR2025<br \/><br \/><\/p>\r\n<p>&#x1f4d1; <a href=\"https:\/\/arxiv.org\/abs\/2508.21761\">Learning from Silence and Noise for Visual Sound Source Localization Models<\/a> by Xavier Juanola, Giovana Morais, Magdalena Fuentes, Gloria Haro | 2025| The British Machine Vision Conference (BMVC)<br \/><br \/><\/p>\r\n<p>&#x1f4d1; <a href=\"http:\/\/dx.doi.org\/10.1117\/12.3062388\">Multimodal sensing prototype for robust autonomous\u00a0 driving under adverse weather conditions<\/a> by Gerard DeMas-Gim\u00e9nez; Adri\u00e0 Subirana; Pablo Garc\u00eda-G\u00f3mez; Eduardo Bernal; Josep R. Casas; Santiago Royo | 2025 | Proceedings Volume 13567, Optical Measurement Systems for Industrial Inspection XIV.<br \/><br \/><\/p>\r\n<p>&#x1f4d1;<a href=\"https:\/\/www.sciencedirect.com\/science\/article\/abs\/pii\/S1047320325000987\"> Multi-task visual food recognition by integrating an ontology supported with LLM<\/a> by Daniel Ponte; Eduardo Aguilar; Mireia Ribera; Petia Radeva | 2025| Journal of Visual Communication and Image Representation.<br \/><br \/><\/p>\r\n<p>&#x1f4d1; <a href=\"https:\/\/doi.org\/10.1016\/j.patcog.2025.112236\">Precision at scale: Domain-specific datasets on-demand<\/a> by Jes\u00fas M. Rodr\u00edguez-de-Vera; Imanol G. Estepa; Ignacio Saras\u00faa; Bhalaji Nagarajan; Petia Radeva | 2025| Pattern Recognition<br \/><br \/><\/p>\r\n<p>&#x1f4d1;<a href=\"https:\/\/arxiv.org\/abs\/2503.14774\"> Revisiting Image Fusion for Multi-Illuminant White-Balance Correction<\/a> by David Serrano-Lozano, Aditya Arora, Luis Herranz, Konstantinos G. Derpanis, Michael S. Brown and Javier Vazquez-Corral | 2025 | International Conference in Computer Vision, 2025.<br \/><br \/><\/p>\r\n<p>&#x1f4d1; <a href=\"https:\/\/openaccess.thecvf.com\/content\/CVPR2025\/html\/Gomez-Villa_The_Art_of_Deception_Color_Visual_Illusions_and_Diffusion_Models_CVPR_2025_paper.html\">The art of deception: Color visual illusions and diffusion models<\/a> by Alexandra Gomez-Villa, Kai Wang, C Alejandro Parraga, Bart\u0142omiej Twardowski, Jesus Malo, Javier Vazquez-Corral, Joost van den Weijer | 2025 | CVPR (Proceedings of the Computer Vision and Pattern Recognition Conference).<br \/><br \/><\/p>\r\n<p>&#x1f4d1; <a href=\"https:\/\/papers.ssrn.com\/sol3\/papers.cfm?abstract_id=5360101\">VolE: A Point-cloud Framework for Food 3D Reconstruction and Volume Estimation<\/a> by Umair Haroon, Ahmad AlMughrabi, Thanasis Zoumpekas, Ricardo Marques, Petia Radeva | 2025 | Q1 Journal (Under Review).<\/p>\r\n","protected":false},"excerpt":{"rendered":"<p>&#x1f4d1; BabyFM: Towards accurate 3D baby facial models using spectral decomposition and asymmetry swapping by Araceli Morales, Antonia Alomar, Antonio R. Porras, Marius G. Linguraru, Gemma Piella, Federico M. Sukno | 2025 | Computers in Biology and Medicine. &#x1f4d1; Dual Polarity Prompts with Stochastic Entropy Perturbation for Label Noise by Changhui Hu; Bhalaji Nagarajan; Ricardo [&hellip;]<\/p>\n","protected":false},"author":2,"featured_media":746,"parent":0,"menu_order":0,"comment_status":"closed","ping_status":"closed","template":"","meta":{"footnotes":""},"class_list":["post-235","page","type-page","status-publish","has-post-thumbnail","hentry"],"_links":{"self":[{"href":"http:\/\/www.cvc.uab.es\/acmcv\/index.php?rest_route=\/wp\/v2\/pages\/235","targetHints":{"allow":["GET"]}}],"collection":[{"href":"http:\/\/www.cvc.uab.es\/acmcv\/index.php?rest_route=\/wp\/v2\/pages"}],"about":[{"href":"http:\/\/www.cvc.uab.es\/acmcv\/index.php?rest_route=\/wp\/v2\/types\/page"}],"author":[{"embeddable":true,"href":"http:\/\/www.cvc.uab.es\/acmcv\/index.php?rest_route=\/wp\/v2\/users\/2"}],"replies":[{"embeddable":true,"href":"http:\/\/www.cvc.uab.es\/acmcv\/index.php?rest_route=%2Fwp%2Fv2%2Fcomments&post=235"}],"version-history":[{"count":54,"href":"http:\/\/www.cvc.uab.es\/acmcv\/index.php?rest_route=\/wp\/v2\/pages\/235\/revisions"}],"predecessor-version":[{"id":1424,"href":"http:\/\/www.cvc.uab.es\/acmcv\/index.php?rest_route=\/wp\/v2\/pages\/235\/revisions\/1424"}],"wp:featuredmedia":[{"embeddable":true,"href":"http:\/\/www.cvc.uab.es\/acmcv\/index.php?rest_route=\/wp\/v2\/media\/746"}],"wp:attachment":[{"href":"http:\/\/www.cvc.uab.es\/acmcv\/index.php?rest_route=%2Fwp%2Fv2%2Fmedia&parent=235"}],"curies":[{"name":"wp","href":"https:\/\/api.w.org\/{rel}","templated":true}]}}