{"id":37,"date":"2021-07-29T16:18:06","date_gmt":"2021-07-29T14:18:06","guid":{"rendered":"https:\/\/www9.cvc.uab.es\/acmcv\/?page_id=37"},"modified":"2025-07-22T13:09:56","modified_gmt":"2025-07-22T11:09:56","slug":"people","status":"publish","type":"page","link":"http:\/\/www.cvc.uab.es\/acmcv\/?page_id=37","title":{"rendered":"Organizers"},"content":{"rendered":"\t\t<div data-elementor-type=\"wp-page\" data-elementor-id=\"37\" class=\"elementor elementor-37\">\n\t\t\t\t\t\t\t\t\t<section class=\"elementor-section elementor-top-section elementor-element elementor-element-f99b3da elementor-section-boxed elementor-section-height-default elementor-section-height-default\" data-id=\"f99b3da\" data-element_type=\"section\">\n\t\t\t\t\t\t<div class=\"elementor-container elementor-column-gap-default\">\n\t\t\t\t\t<div class=\"elementor-column elementor-col-100 elementor-top-column elementor-element elementor-element-6cabb10a\" data-id=\"6cabb10a\" data-element_type=\"column\">\n\t\t\t<div class=\"elementor-widget-wrap elementor-element-populated\">\n\t\t\t\t\t\t\t\t<div class=\"elementor-element elementor-element-169b54f8 elementor-widget elementor-widget-text-editor\" data-id=\"169b54f8\" data-element_type=\"widget\" data-widget_type=\"text-editor.default\">\n\t\t\t\t<div class=\"elementor-widget-container\">\n\t\t\t<style>\/*! elementor - v3.16.0 - 20-09-2023 *\/\n.elementor-widget-text-editor.elementor-drop-cap-view-stacked .elementor-drop-cap{background-color:#69727d;color:#fff}.elementor-widget-text-editor.elementor-drop-cap-view-framed .elementor-drop-cap{color:#69727d;border:3px solid;background-color:transparent}.elementor-widget-text-editor:not(.elementor-drop-cap-view-default) .elementor-drop-cap{margin-top:8px}.elementor-widget-text-editor:not(.elementor-drop-cap-view-default) .elementor-drop-cap-letter{width:1em;height:1em}.elementor-widget-text-editor .elementor-drop-cap{float:left;text-align:center;line-height:1;font-size:50px}.elementor-widget-text-editor .elementor-drop-cap-letter{display:inline-block}<\/style>\t\t\t\t<h5>Organizing Committee:<\/h5><ul><li>Maria Vanrell, <em>CVC &amp; UAB<\/em><\/li><li>Josep Llad\u00f3s, <em>CVC &amp; UAB<\/em><\/li><li>N\u00faria Mart\u00ednez, <em>CVC<\/em><\/li><li>Xavi Galvez, <em>CVC<\/em><\/li><li>Aurora Garc\u00eda, <em>CVC<\/em><\/li><li>Daniel Fern\u00e1ndez, <em>CVC<\/em><\/li><\/ul><h5>Poster Session Chair:<\/h5><ul><li>Andrey Barsky, <i>CVC<\/i><\/li><\/ul><p><strong>Contact: <a href=\"mailto:press@cvc.uab.cat\" target=\"_blank\" rel=\"noopener\">press@cvc.uab.cat<\/a><\/strong><\/p>\t\t\t\t\t\t<\/div>\n\t\t\t\t<\/div>\n\t\t\t\t\t<\/div>\n\t\t<\/div>\n\t\t\t\t\t\t\t<\/div>\n\t\t<\/section>\n\t\t\t\t\t\t\t<\/div>\n\t\t","protected":false},"excerpt":{"rendered":"<p>Organizing Committee: Maria Vanrell, CVC &amp; UAB Josep Llad\u00f3s, CVC &amp; UAB N\u00faria Mart\u00ednez, CVC Xavi Galvez, CVC Aurora Garc\u00eda, CVC Daniel Fern\u00e1ndez, CVC Poster Session Chair: Andrey Barsky, CVC Contact: press@cvc.uab.cat<\/p>\n","protected":false},"author":2,"featured_media":0,"parent":0,"menu_order":0,"comment_status":"closed","ping_status":"closed","template":"","meta":{"footnotes":""},"class_list":["post-37","page","type-page","status-publish","hentry"],"_links":{"self":[{"href":"http:\/\/www.cvc.uab.es\/acmcv\/index.php?rest_route=\/wp\/v2\/pages\/37","targetHints":{"allow":["GET"]}}],"collection":[{"href":"http:\/\/www.cvc.uab.es\/acmcv\/index.php?rest_route=\/wp\/v2\/pages"}],"about":[{"href":"http:\/\/www.cvc.uab.es\/acmcv\/index.php?rest_route=\/wp\/v2\/types\/page"}],"author":[{"embeddable":true,"href":"http:\/\/www.cvc.uab.es\/acmcv\/index.php?rest_route=\/wp\/v2\/users\/2"}],"replies":[{"embeddable":true,"href":"http:\/\/www.cvc.uab.es\/acmcv\/index.php?rest_route=%2Fwp%2Fv2%2Fcomments&post=37"}],"version-history":[{"count":22,"href":"http:\/\/www.cvc.uab.es\/acmcv\/index.php?rest_route=\/wp\/v2\/pages\/37\/revisions"}],"predecessor-version":[{"id":1312,"href":"http:\/\/www.cvc.uab.es\/acmcv\/index.php?rest_route=\/wp\/v2\/pages\/37\/revisions\/1312"}],"wp:attachment":[{"href":"http:\/\/www.cvc.uab.es\/acmcv\/index.php?rest_route=%2Fwp%2Fv2%2Fmedia&parent=37"}],"curies":[{"name":"wp","href":"https:\/\/api.w.org\/{rel}","templated":true}]}}