{"id":92,"date":"2021-08-23T16:32:20","date_gmt":"2021-08-23T14:32:20","guid":{"rendered":"https:\/\/www9.cvc.uab.es\/acmcv\/?page_id=92"},"modified":"2022-07-12T09:51:50","modified_gmt":"2022-07-12T07:51:50","slug":"acmcv-2019","status":"publish","type":"page","link":"http:\/\/www.cvc.uab.es\/acmcv\/?page_id=92","title":{"rendered":"ACMCV 2019"},"content":{"rendered":"<p><img loading=\"lazy\" decoding=\"async\" class=\"alignnone wp-image-93 size-large\" src=\"https:\/\/www9.cvc.uab.es\/acmcv\/wp-content\/uploads\/2021\/08\/header_acmcv_2019_HEADER-1024x267.png\" alt=\"\" width=\"640\" height=\"167\" srcset=\"http:\/\/www.cvc.uab.es\/acmcv\/wp-content\/uploads\/2021\/08\/header_acmcv_2019_HEADER-1024x267.png 1024w, http:\/\/www.cvc.uab.es\/acmcv\/wp-content\/uploads\/2021\/08\/header_acmcv_2019_HEADER-300x78.png 300w, http:\/\/www.cvc.uab.es\/acmcv\/wp-content\/uploads\/2021\/08\/header_acmcv_2019_HEADER-768x200.png 768w, http:\/\/www.cvc.uab.es\/acmcv\/wp-content\/uploads\/2021\/08\/header_acmcv_2019_HEADER-1536x400.png 1536w, http:\/\/www.cvc.uab.es\/acmcv\/wp-content\/uploads\/2021\/08\/header_acmcv_2019_HEADER.png 2000w\" sizes=\"auto, (max-width: 640px) 100vw, 640px\" \/><\/p>\n<p><strong>Computer Vision<\/strong> has become a worldwide mainstream research area. Catalonia has an extensive community in the field since most of <strong>Catalan universities<\/strong> have research groups dedicated to its study and many small and large companies are leading the development of products using these technologies. The aim of this meeting is threefold:<\/p>\n<ul>\n<li>To strengthen the <strong>Catalan academic and industrial computer vision network.<\/strong><\/li>\n<li>To <strong>disseminate<\/strong> within the community the most relevant <strong>works in that network<\/strong> that have <strong>already<\/strong> been <strong>published<\/strong> abroad.<\/li>\n<li>To allow students from the Master in CV (MCV) <strong>meet<\/strong> with members of the <strong>Catalan CV community and prospective employers<\/strong>.<\/li>\n<\/ul>\n<h3>Dates &amp; Venue:<\/h3>\n<ul>\n<li>Submission deadline: September 8th, 2019<\/li>\n<li>Registration deadline: September 12th, 2019<\/li>\n<li>ACMCV 2019: September 17th, 2019<\/li>\n<li>Venue: Espai Bital, l&#8217;Hospitalet de Llobregat (Barcelona)<\/li>\n<\/ul>\n<h3>Program:<\/h3>\n<ul>\n<li>9:00 h: Reception &amp; Registration<\/li>\n<li>9:00 -13:00 h: Master Thesis Presentations<\/li>\n<li>11:00 h: Coffee Break<\/li>\n<li>11:00 &#8211; 13:00 h: Poster Session<\/li>\n<li>11:00 &#8211; 13:00 h: Brokerage Event<\/li>\n<li>13:00 &#8211; 14:30 h: Computer Vision Catalan Alliance Presentation\n<ul>\n<li>Conference: <em>Current status of the Computer Vision Catalan Alliance<\/em> &#8211; Dr. Josep Llad\u00f3s (CVC Director)<\/li>\n<li>Panel: <em>The pillars of the Computer Vision Catalan Ecosystem &#8211; <\/em>Dr. Elisenda Bou (Vilynx), Mr. Oscar Sala (Mobile World Capital Barcelona), Ms. Aurea Rodr\u00edguez (ACCI\u00d3), Dr. Marco Bressan (Satellogic), Dr. Xavier Gir\u00f3-i-Nieto (IDEAI-UPC) and Dr. Josep Llad\u00f3s (CVC). Moderator: Ms. Xantal Llavina<\/li>\n<\/ul>\n<\/li>\n<li>14:30 &#8211; 15:30 h: Lunch Break<\/li>\n<li>15:30 &#8211; 17:30 h: Keynote Talks\n<ul>\n<li>Keynote Talk 1: <em>Computer Vision for Emotion Recognition &#8211; <\/em><br \/>\nDr. \u00c0gata Lapedriza (UOC)<\/li>\n<li>Keynote Talk 2:\u00a0<em>Learning of Digital Humans from Images, Videos and Scans &#8211; <\/em><br \/>\nDr. Gerard Pons Moll (Max Planck Institute for Informatics MPI-INF)<\/li>\n<\/ul>\n<\/li>\n<li>17:30 h: Awards &amp; Closing<\/li>\n<\/ul>\n<h3>Keynote Talks:<\/h3>\n<p><strong>Keynote Talk 1: <em>Computer Vision for Emotion Recognition &#8211; <\/em><\/strong><strong>Dr. \u00c0gata Lapedriza (UOC)<\/strong><\/p>\n<p><img loading=\"lazy\" decoding=\"async\" class=\"alignnone wp-image-96 \" src=\"http:\/\/www9.cvc.uab.es\/acmcv\/wp-content\/uploads\/2021\/08\/banner_twitter_keynote_agata.png\" alt=\"\" width=\"495\" height=\"177\" srcset=\"http:\/\/www.cvc.uab.es\/acmcv\/wp-content\/uploads\/2021\/08\/banner_twitter_keynote_agata.png 880w, http:\/\/www.cvc.uab.es\/acmcv\/wp-content\/uploads\/2021\/08\/banner_twitter_keynote_agata-300x108.png 300w\" sizes=\"auto, (max-width: 495px) 100vw, 495px\" \/><\/p>\n<p><strong>Keynote Talk 2:\u00a0<em>Learning of Digital Humans from Images, Videos and Scans &#8211; <\/em><\/strong><strong>Dr. Gerard Pons Moll (Max Planck Institute for Informatics MPI-INF)<\/strong><\/p>\n<p><img loading=\"lazy\" decoding=\"async\" class=\"alignnone wp-image-97 \" src=\"https:\/\/www9.cvc.uab.es\/acmcv\/wp-content\/uploads\/2021\/08\/banner_twitter_keynote_gerard.png\" alt=\"\" width=\"497\" height=\"178\" srcset=\"http:\/\/www.cvc.uab.es\/acmcv\/wp-content\/uploads\/2021\/08\/banner_twitter_keynote_gerard.png 880w, http:\/\/www.cvc.uab.es\/acmcv\/wp-content\/uploads\/2021\/08\/banner_twitter_keynote_gerard-300x108.png 300w, http:\/\/www.cvc.uab.es\/acmcv\/wp-content\/uploads\/2021\/08\/banner_twitter_keynote_gerard-768x277.png 768w\" sizes=\"auto, (max-width: 497px) 100vw, 497px\" \/><\/p>\n<h3>Resources:<\/h3>\n<ul>\n<li>Mastes Thesis Defences | <a href=\"https:\/\/www.cvc.uab.es\/acmcv\/wp-content\/uploads\/2021\/08\/master_presentations_ACMCV_2019.jpg\" target=\"_blank\" rel=\"noopener\">Schedule<\/a><\/li>\n<li>Poster session &amp; papers submission | <a href=\"https:\/\/www.cvc.uab.es\/acmcv\/wp-content\/uploads\/2021\/08\/poster_session_ACMCV_2019.pdf\" target=\"_blank\" rel=\"noopener\">List of papers presented<\/a><\/li>\n<li>ACMCV 2019 Program | <a href=\"https:\/\/www.cvc.uab.es\/acmcv\/wp-content\/uploads\/2021\/08\/programa_web_FINAL.png\" target=\"_blank\" rel=\"noopener\">Download the program<\/a><\/li>\n<\/ul>\n<h3><strong>Organizers:\u00a0 <\/strong><\/h3>\n<p><u>Technical Committee: <\/u><\/p>\n<ul>\n<li>Maria Vanrell (CVC\/UAB)<\/li>\n<li>Javier V\u00e1zquez (UPF)<\/li>\n<li>Josep Llad\u00f3s (CVC\/UAB)<\/li>\n<li>Dena Bazazian (CVC)<\/li>\n<li>Jos\u00e9 Antonio Iglesias (CVC)<\/li>\n<\/ul>\n<p><u>Event organization:<\/u><\/p>\n<ul>\n<li>N\u00faria Mart\u00ednez Segura (CVC)<\/li>\n<li>Meritxell Bassolas (CVC)<\/li>\n<li>Raquel Rionegro (CVC)<\/li>\n<\/ul>\n<h3>Pictures:<\/h3>\n<div id='gallery-1' class='gallery galleryid-92 gallery-columns-3 gallery-size-thumbnail'><figure class='gallery-item'>\n\t\t\t<div class='gallery-icon landscape'>\n\t\t\t\t<a href='http:\/\/www.cvc.uab.es\/acmcv\/?attachment_id=104'><img loading=\"lazy\" decoding=\"async\" width=\"150\" height=\"150\" src=\"http:\/\/www.cvc.uab.es\/acmcv\/wp-content\/uploads\/2021\/08\/DSC9048-150x150.jpg\" class=\"attachment-thumbnail size-thumbnail\" alt=\"\" \/><\/a>\n\t\t\t<\/div><\/figure><figure class='gallery-item'>\n\t\t\t<div class='gallery-icon landscape'>\n\t\t\t\t<a href='http:\/\/www.cvc.uab.es\/acmcv\/?attachment_id=105'><img loading=\"lazy\" decoding=\"async\" width=\"150\" height=\"150\" src=\"http:\/\/www.cvc.uab.es\/acmcv\/wp-content\/uploads\/2021\/08\/DSC9052-150x150.jpg\" class=\"attachment-thumbnail size-thumbnail\" alt=\"\" \/><\/a>\n\t\t\t<\/div><\/figure><figure class='gallery-item'>\n\t\t\t<div class='gallery-icon landscape'>\n\t\t\t\t<a href='http:\/\/www.cvc.uab.es\/acmcv\/?attachment_id=106'><img loading=\"lazy\" decoding=\"async\" width=\"150\" height=\"150\" src=\"http:\/\/www.cvc.uab.es\/acmcv\/wp-content\/uploads\/2021\/08\/DSC9069-150x150.jpg\" class=\"attachment-thumbnail size-thumbnail\" alt=\"\" \/><\/a>\n\t\t\t<\/div><\/figure><figure class='gallery-item'>\n\t\t\t<div class='gallery-icon landscape'>\n\t\t\t\t<a href='http:\/\/www.cvc.uab.es\/acmcv\/?attachment_id=108'><img loading=\"lazy\" decoding=\"async\" width=\"150\" height=\"150\" src=\"http:\/\/www.cvc.uab.es\/acmcv\/wp-content\/uploads\/2021\/08\/DSC9069-150x150.png\" class=\"attachment-thumbnail size-thumbnail\" alt=\"\" \/><\/a>\n\t\t\t<\/div><\/figure><figure class='gallery-item'>\n\t\t\t<div class='gallery-icon landscape'>\n\t\t\t\t<a href='http:\/\/www.cvc.uab.es\/acmcv\/?attachment_id=109'><img loading=\"lazy\" decoding=\"async\" width=\"150\" height=\"150\" src=\"http:\/\/www.cvc.uab.es\/acmcv\/wp-content\/uploads\/2021\/08\/DSC9079-150x150.jpg\" class=\"attachment-thumbnail size-thumbnail\" alt=\"\" \/><\/a>\n\t\t\t<\/div><\/figure><figure class='gallery-item'>\n\t\t\t<div class='gallery-icon landscape'>\n\t\t\t\t<a href='http:\/\/www.cvc.uab.es\/acmcv\/?attachment_id=110'><img loading=\"lazy\" decoding=\"async\" width=\"150\" height=\"150\" src=\"http:\/\/www.cvc.uab.es\/acmcv\/wp-content\/uploads\/2021\/08\/DSC9104-150x150.jpg\" class=\"attachment-thumbnail size-thumbnail\" alt=\"\" \/><\/a>\n\t\t\t<\/div><\/figure><figure class='gallery-item'>\n\t\t\t<div class='gallery-icon landscape'>\n\t\t\t\t<a href='http:\/\/www.cvc.uab.es\/acmcv\/?attachment_id=111'><img loading=\"lazy\" decoding=\"async\" width=\"150\" height=\"150\" src=\"http:\/\/www.cvc.uab.es\/acmcv\/wp-content\/uploads\/2021\/08\/DSC9105-150x150.jpg\" class=\"attachment-thumbnail size-thumbnail\" alt=\"\" \/><\/a>\n\t\t\t<\/div><\/figure><figure class='gallery-item'>\n\t\t\t<div class='gallery-icon landscape'>\n\t\t\t\t<a href='http:\/\/www.cvc.uab.es\/acmcv\/?attachment_id=112'><img loading=\"lazy\" decoding=\"async\" width=\"150\" height=\"150\" src=\"http:\/\/www.cvc.uab.es\/acmcv\/wp-content\/uploads\/2021\/08\/DSC9114-150x150.jpg\" class=\"attachment-thumbnail size-thumbnail\" alt=\"\" \/><\/a>\n\t\t\t<\/div><\/figure><figure class='gallery-item'>\n\t\t\t<div class='gallery-icon landscape'>\n\t\t\t\t<a href='http:\/\/www.cvc.uab.es\/acmcv\/?attachment_id=113'><img loading=\"lazy\" decoding=\"async\" width=\"150\" height=\"150\" src=\"http:\/\/www.cvc.uab.es\/acmcv\/wp-content\/uploads\/2021\/08\/DSC9127-150x150.jpg\" class=\"attachment-thumbnail size-thumbnail\" alt=\"\" \/><\/a>\n\t\t\t<\/div><\/figure><figure class='gallery-item'>\n\t\t\t<div class='gallery-icon landscape'>\n\t\t\t\t<a href='http:\/\/www.cvc.uab.es\/acmcv\/?attachment_id=114'><img loading=\"lazy\" decoding=\"async\" width=\"150\" height=\"150\" src=\"http:\/\/www.cvc.uab.es\/acmcv\/wp-content\/uploads\/2021\/08\/DSC9146-150x150.jpg\" class=\"attachment-thumbnail size-thumbnail\" alt=\"\" \/><\/a>\n\t\t\t<\/div><\/figure><figure class='gallery-item'>\n\t\t\t<div class='gallery-icon landscape'>\n\t\t\t\t<a href='http:\/\/www.cvc.uab.es\/acmcv\/?attachment_id=115'><img loading=\"lazy\" decoding=\"async\" width=\"150\" height=\"150\" src=\"http:\/\/www.cvc.uab.es\/acmcv\/wp-content\/uploads\/2021\/08\/D6q-aHkXYAApiZs-150x150.jpeg\" class=\"attachment-thumbnail size-thumbnail\" alt=\"\" \/><\/a>\n\t\t\t<\/div><\/figure><figure class='gallery-item'>\n\t\t\t<div class='gallery-icon landscape'>\n\t\t\t\t<a href='http:\/\/www.cvc.uab.es\/acmcv\/?attachment_id=116'><img loading=\"lazy\" decoding=\"async\" width=\"150\" height=\"150\" src=\"http:\/\/www.cvc.uab.es\/acmcv\/wp-content\/uploads\/2021\/08\/EEqNoezW4AAIIb4-150x150.jpg\" class=\"attachment-thumbnail size-thumbnail\" alt=\"\" \/><\/a>\n\t\t\t<\/div><\/figure>\n\t\t<\/div>\n\n","protected":false},"excerpt":{"rendered":"<p>Computer Vision has become a worldwide mainstream research area. Catalonia has an extensive community in the field since most of Catalan universities have research groups dedicated to its study and many small and large companies are leading the development of products using these technologies. The aim of this meeting is threefold: To strengthen the Catalan [&hellip;]<\/p>\n","protected":false},"author":2,"featured_media":0,"parent":0,"menu_order":0,"comment_status":"closed","ping_status":"closed","template":"","meta":{"footnotes":""},"class_list":["post-92","page","type-page","status-publish","hentry"],"_links":{"self":[{"href":"http:\/\/www.cvc.uab.es\/acmcv\/index.php?rest_route=\/wp\/v2\/pages\/92","targetHints":{"allow":["GET"]}}],"collection":[{"href":"http:\/\/www.cvc.uab.es\/acmcv\/index.php?rest_route=\/wp\/v2\/pages"}],"about":[{"href":"http:\/\/www.cvc.uab.es\/acmcv\/index.php?rest_route=\/wp\/v2\/types\/page"}],"author":[{"embeddable":true,"href":"http:\/\/www.cvc.uab.es\/acmcv\/index.php?rest_route=\/wp\/v2\/users\/2"}],"replies":[{"embeddable":true,"href":"http:\/\/www.cvc.uab.es\/acmcv\/index.php?rest_route=%2Fwp%2Fv2%2Fcomments&post=92"}],"version-history":[{"count":8,"href":"http:\/\/www.cvc.uab.es\/acmcv\/index.php?rest_route=\/wp\/v2\/pages\/92\/revisions"}],"predecessor-version":[{"id":451,"href":"http:\/\/www.cvc.uab.es\/acmcv\/index.php?rest_route=\/wp\/v2\/pages\/92\/revisions\/451"}],"wp:attachment":[{"href":"http:\/\/www.cvc.uab.es\/acmcv\/index.php?rest_route=%2Fwp%2Fv2%2Fmedia&parent=92"}],"curies":[{"name":"wp","href":"https:\/\/api.w.org\/{rel}","templated":true}]}}